{"id":242286,"date":"2024-07-04T16:29:52","date_gmt":"2024-07-04T14:29:52","guid":{"rendered":"https:\/\/serenika.fr\/dev\/?page_id=242286"},"modified":"2024-07-10T11:48:42","modified_gmt":"2024-07-10T09:48:42","slug":"mentions-legales","status":"publish","type":"page","link":"https:\/\/serenika.fr\/dev\/mentions-legales\/","title":{"rendered":"Mentions l\u00e9gales"},"content":{"rendered":"<p>[et_pb_section fb_built=\u00a0\u00bb1&Prime; _builder_version=\u00a0\u00bb4.25.2&Prime; _module_preset=\u00a0\u00bbdefault\u00a0\u00bb global_colors_info=\u00a0\u00bb{}\u00a0\u00bb][et_pb_row _builder_version=\u00a0\u00bb4.25.2&Prime; _module_preset=\u00a0\u00bbdefault\u00a0\u00bb global_colors_info=\u00a0\u00bb{}\u00a0\u00bb][et_pb_column type=\u00a0\u00bb4_4&Prime; _builder_version=\u00a0\u00bb4.25.2&Prime; _module_preset=\u00a0\u00bbdefault\u00a0\u00bb global_colors_info=\u00a0\u00bb{}\u00a0\u00bb][et_pb_text _builder_version=\u00a0\u00bb4.25.2&Prime; _module_preset=\u00a0\u00bbdefault\u00a0\u00bb global_colors_info=\u00a0\u00bb{}\u00a0\u00bb]<\/p>\n<h1><strong>Mentions l\u00e9gales<\/strong><\/h1>\n<p>&nbsp;<\/p>\n<p>En vigueur au 04\/07\/2024<\/p>\n<p>Conform\u00e9ment aux dispositions des Articles 6-III et 19 de la Loi n\u00b02004-575 du 21 juin 2004 pour la Confiance dans l\u2019\u00e9conomie num\u00e9rique, dite L.C.E.N., il est port\u00e9 \u00e0 la connaissance des utilisateurs et visiteurs du site serenika.fr, les pr\u00e9sentes mentions l\u00e9gales.<\/p>\n<p>La connexion et la navigation sur le Site par l\u2019Utilisateur implique une acceptation int\u00e9grale et sans r\u00e9serve des pr\u00e9sentes mentions l\u00e9gales.<\/p>\n<p>Ces derni\u00e8res sont accessibles sur le Site \u00e0 la rubrique \u00ab Mentions l\u00e9gales \u00bb.<\/p>\n<p>&nbsp;<\/p>\n<h2><strong>ARTICLE 1 \u2013 L\u2019\u00c9DITEUR<\/strong><\/h2>\n<p>L\u2019\u00e9dition du Site est assur\u00e9e par Etna Gestion (<a href=\"http:\/\/etacom.fr\/\">etacom<\/a>), immatricul\u00e9e au Registre du Commerce et des Soci\u00e9t\u00e9s d\u2019Avignon sous le num\u00e9ro 97794782900015 dont le si\u00e8ge social est situ\u00e9 au <a class=\"Lien secondaire\" href=\"https:\/\/www.societe.com\/entreprises\/648_route%20de%20bedarrides\/84260_SARRIANS.html\">648 ROUTE DE BEDARRIDES 84260 SARRIANS<\/a>.<\/p>\n<p><strong>Num\u00e9ro de t\u00e9l\u00e9phone<\/strong><span>\u00a0<\/span>: 06 34 20 52 35<\/p>\n<p><strong>Adresse e-mail<\/strong><span>\u00a0<\/span>:<span>\u00a0<\/span><a href=\"mailto:hello@ovny.fr\">contact.etacom@gmail.com<\/a><\/p>\n<p><strong>SIRET :<\/strong><span> 97794782900015<\/span><\/p>\n<p><strong>N\u00b0 de TVA intracommunautaire<\/strong><span>\u00a0<\/span>: FR26977947829<\/p>\n<p>Le Directeur de la publication est Etna Gestion<\/p>\n<h2><strong>ARTICLE 2 \u2013 L\u2019H\u00c9BERGEUR<\/strong><\/h2>\n<p><span class=\"hljs-strong\">Nom de l&rsquo;h\u00e9bergeur : <\/span>OVH<\/p>\n<p><span class=\"hljs-strong\">Adresse du si\u00e8ge social de l&rsquo;h\u00e9bergeur : <\/span>2 rue Kellermann, 59100 Roubaix, France\u00a0<\/p>\n<p><span class=\"hljs-strong\">Num\u00e9ro de t\u00e9l\u00e9phone de l&rsquo;h\u00e9bergeur :<\/span>\u00a01007<\/p>\n<h2><strong>ARTICLE 3 \u2013 ACC\u00c8S AU SITE<\/strong><\/h2>\n<p>Le site est accessible en tout endroit, 7j\/7, 24h\/24 sauf cas de force majeure, interruption programm\u00e9e ou non et pouvant d\u00e9coulant d\u2019une n\u00e9cessit\u00e9 de maintenance.<\/p>\n<p>En cas de modification, interruption ou suspension du site, l\u2019\u00e9diteur ne saurait \u00eatre tenu responsable.<\/p>\n<h2><strong>ARTICLE 4 \u2013 COLLECTE DES DONNEES<\/strong><\/h2>\n<p>Le site assure \u00e0 l\u2019utilisateur une collecte et un traitement d\u2019informations personnelles dans le respect de la vie priv\u00e9e conform\u00e9ment \u00e0 la loi n\u00b078-17 du 6 janvier 1978 relative \u00e0 l\u2019informatique, aux fichiers et aux libert\u00e9s.<\/p>\n<p>En vertu de la loi Informatique et libert\u00e9s, en date du 6 janvier 1978, l\u2019Utilisateur dispose d\u2019un droit d\u2019acc\u00e8s, de rectification, de suppression et d\u2019opposition de ses donn\u00e9es personnelles. L\u2019Utilisateur exerce ce droit :<\/p>\n<ul>\n<li>par mail \u00e0 l\u2019adresse email <a href=\"mailto:contact@serenika.fr\">contact@serenika.fr<\/a><\/li>\n<li>par voie postale : 1 Place Jourdan, 87000 Limoges<\/li>\n<li>via la page : Nous contacter ;<\/li>\n<\/ul>\n<p>Toute utilisation, reproduction, diffusion, commercialisation, modification de toute ou partie du Site, sans autorisation de l\u2019\u00c9diteur est prohib\u00e9e et pourra entra\u00eener des actions et poursuites judiciaires telles que notamment pr\u00e9vues par le Code de la propri\u00e9t\u00e9 intellectuelle et le Code civil.<\/p>\n<p>[\/et_pb_text][\/et_pb_column][\/et_pb_row][\/et_pb_section]<\/p>\n","protected":false},"excerpt":{"rendered":"<p>Mentions l\u00e9gales &nbsp; En vigueur au 04\/07\/2024 Conform\u00e9ment aux dispositions des Articles 6-III et 19 de la Loi n\u00b02004-575 du 21 juin 2004 pour la Confiance dans l\u2019\u00e9conomie num\u00e9rique, dite L.C.E.N., il est port\u00e9 \u00e0 la connaissance des utilisateurs et visiteurs du site serenika.fr, les pr\u00e9sentes mentions l\u00e9gales. La connexion et la navigation sur le [&hellip;]<\/p>\n","protected":false},"author":4,"featured_media":0,"parent":0,"menu_order":0,"comment_status":"closed","ping_status":"closed","template":"","meta":{"_et_pb_use_builder":"on","_et_pb_old_content":"","_et_gb_content_width":"","footnotes":""},"class_list":["post-242286","page","type-page","status-publish","hentry"],"_links":{"self":[{"href":"https:\/\/serenika.fr\/dev\/wp-json\/wp\/v2\/pages\/242286","targetHints":{"allow":["GET"]}}],"collection":[{"href":"https:\/\/serenika.fr\/dev\/wp-json\/wp\/v2\/pages"}],"about":[{"href":"https:\/\/serenika.fr\/dev\/wp-json\/wp\/v2\/types\/page"}],"author":[{"embeddable":true,"href":"https:\/\/serenika.fr\/dev\/wp-json\/wp\/v2\/users\/4"}],"replies":[{"embeddable":true,"href":"https:\/\/serenika.fr\/dev\/wp-json\/wp\/v2\/comments?post=242286"}],"version-history":[{"count":4,"href":"https:\/\/serenika.fr\/dev\/wp-json\/wp\/v2\/pages\/242286\/revisions"}],"predecessor-version":[{"id":242342,"href":"https:\/\/serenika.fr\/dev\/wp-json\/wp\/v2\/pages\/242286\/revisions\/242342"}],"wp:attachment":[{"href":"https:\/\/serenika.fr\/dev\/wp-json\/wp\/v2\/media?parent=242286"}],"curies":[{"name":"wp","href":"https:\/\/api.w.org\/{rel}","templated":true}]}}