{"id":242531,"date":"2024-10-01T18:29:33","date_gmt":"2024-10-01T16:29:33","guid":{"rendered":"https:\/\/serenika.fr\/dev\/?page_id=242531"},"modified":"2025-10-14T22:47:28","modified_gmt":"2025-10-14T20:47:28","slug":"angouleme","status":"publish","type":"page","link":"https:\/\/serenika.fr\/dev\/angouleme\/","title":{"rendered":"Angoul\u00eame"},"content":{"rendered":"\n[et_pb_section fb_built=\u00a0\u00bb1&Prime; _builder_version=\u00a0\u00bb4.27.0&Prime; _module_preset=\u00a0\u00bbdefault\u00a0\u00bb custom_padding=\u00a0\u00bb0px|||||\u00a0\u00bb global_colors_info=\u00a0\u00bb{}\u00a0\u00bb][et_pb_row _builder_version=\u00a0\u00bb4.27.0&Prime; _module_preset=\u00a0\u00bbdefault\u00a0\u00bb custom_padding=\u00a0\u00bb2px|||0px||\u00a0\u00bb global_colors_info=\u00a0\u00bb{}\u00a0\u00bb][et_pb_column type=\u00a0\u00bb4_4&Prime; _builder_version=\u00a0\u00bb4.27.0&Prime; _module_preset=\u00a0\u00bbdefault\u00a0\u00bb global_colors_info=\u00a0\u00bb{}\u00a0\u00bb][et_pb_image src=\u00a0\u00bbhttps:\/\/serenika.fr\/dev\/wp-content\/uploads\/2024\/10\/Sans-titre-6912-x-2456-px.png\u00a0\u00bb alt=\u00a0\u00bbAngoul\u00eame\u00a0\u00bb title_text=\u00a0\u00bbAngoul\u00eame\u00a0\u00bb align=\u00a0\u00bbcenter\u00a0\u00bb _builder_version=\u00a0\u00bb4.27.0&Prime; _module_preset=\u00a0\u00bbdefault\u00a0\u00bb global_colors_info=\u00a0\u00bb{}\u00a0\u00bb][\/et_pb_image][\/et_pb_column][\/et_pb_row][et_pb_row _builder_version=\u00a0\u00bb4.27.0&Prime; _module_preset=\u00a0\u00bbdefault\u00a0\u00bb custom_padding=\u00a0\u00bb0px|||||\u00a0\u00bb hover_enabled=\u00a0\u00bb0&Prime; global_colors_info=\u00a0\u00bb{}\u00a0\u00bb sticky_enabled=\u00a0\u00bb0&Prime;][et_pb_column type=\u00a0\u00bb4_4&Prime; _builder_version=\u00a0\u00bb4.27.0&Prime; _module_preset=\u00a0\u00bbdefault\u00a0\u00bb global_colors_info=\u00a0\u00bb{}\u00a0\u00bb][et_pb_text _builder_version=\u00a0\u00bb4.27.0&Prime; _module_preset=\u00a0\u00bbdefault\u00a0\u00bb text_font_size=\u00a0\u00bb15px\u00a0\u00bb text_line_height=\u00a0\u00bb1.5em\u00a0\u00bb header_font_size=\u00a0\u00bb45px\u00a0\u00bb header_2_font_size=\u00a0\u00bb25px\u00a0\u00bb text_orientation=\u00a0\u00bbcenter\u00a0\u00bb text_font_tablet=\u00a0\u00bb\u00a0\u00bb text_font_phone=\u00a0\u00bb\u00a0\u00bb text_font_last_edited=\u00a0\u00bbon|desktop\u00a0\u00bb text_font_size_phone=\u00a0\u00bb25px\u00a0\u00bb text_font_size_last_edited=\u00a0\u00bboff|desktop\u00a0\u00bb header_text_align_tablet=\u00a0\u00bb\u00a0\u00bb header_text_align_phone=\u00a0\u00bb\u00a0\u00bb header_text_align_last_edited=\u00a0\u00bbon|phone\u00a0\u00bb header_font_size_tablet=\u00a0\u00bb45px\u00a0\u00bb header_font_size_phone=\u00a0\u00bb31px\u00a0\u00bb header_font_size_last_edited=\u00a0\u00bbon|desktop\u00a0\u00bb global_colors_info=\u00a0\u00bb{}\u00a0\u00bb]<h1 style=\"text-align: center;\">Votre partenaire \u00e0 Angoul\u00eame de l&rsquo;accessibilit\u00e9<\/h1>[\/et_pb_text][et_pb_text _builder_version=\u00a0\u00bb4.27.0&Prime; _module_preset=\u00a0\u00bbdefault\u00a0\u00bb header_font_size=\u00a0\u00bb47px\u00a0\u00bb header_3_font_size=\u00a0\u00bb21px\u00a0\u00bb header_5_font_size=\u00a0\u00bb20px\u00a0\u00bb custom_margin=\u00a0\u00bb|-2px||||\u00a0\u00bb hover_enabled=\u00a0\u00bb0&Prime; text_font_size_tablet=\u00a0\u00bb\u00a0\u00bb text_font_size_phone=\u00a0\u00bb\u00a0\u00bb text_font_size_last_edited=\u00a0\u00bbon|desktop\u00a0\u00bb header_5_font_size_tablet=\u00a0\u00bb20px\u00a0\u00bb header_5_font_size_phone=\u00a0\u00bb20px\u00a0\u00bb header_5_font_size_last_edited=\u00a0\u00bbon|phone\u00a0\u00bb global_colors_info=\u00a0\u00bb{}\u00a0\u00bb sticky_enabled=\u00a0\u00bb0&Prime;]<h3>En choisissant Serenika, vous faite le choix d&rsquo;un service<strong>\u00a0local ! <\/strong>Les installations sont r\u00e9alis\u00e9es par nos propres techniciens, <strong>sans recours \u00e0 la sous-traitance <\/strong>pour votre<strong> Monte escalier <\/strong>ou votre<strong> douche securis\u00e9e <\/strong>. Nous assurons ainsi un suivi personnalis\u00e9 et de qualit\u00e9 pour chaque projet \u00e0<strong> Angoul\u00eame<\/strong>, garantissant la s\u00e9curit\u00e9 et le confort de nos clients \u00e0 chaque \u00e9tape.<\/h3>\n<h3 style=\"text-align: center;\"><strong>Votre \u00e9tude et devis gratuit en ligne \ud83d\udc47<\/strong><\/h3>[\/et_pb_text][et_pb_code _builder_version=\u00a0\u00bb4.27.0&Prime; _module_preset=\u00a0\u00bbdefault\u00a0\u00bb custom_margin=\u00a0\u00bb25px|||||\u00a0\u00bb custom_padding=\u00a0\u00bb||0px|||\u00a0\u00bb global_colors_info=\u00a0\u00bb{}\u00a0\u00bb]<div data-tf-live=\"01J8QYYQ0VZWQ928SM43X9MENM\"data-tf-auto-focus><\/div><script src=\"\/\/embed.typeform.com\/next\/embed.js\"><\/script>[\/et_pb_code][\/et_pb_column][\/et_pb_row][\/et_pb_section]\n","protected":false},"excerpt":{"rendered":"<p>Votre partenaire \u00e0 Angoul\u00eame de l&rsquo;accessibilit\u00e9En choisissant Serenika, vous faite le choix d&rsquo;un service\u00a0local ! Les installations sont r\u00e9alis\u00e9es par nos propres techniciens, sans recours \u00e0 la sous-traitance pour votre Monte escalier ou votre douche securis\u00e9e . Nous assurons ainsi un suivi personnalis\u00e9 et de qualit\u00e9 pour chaque projet \u00e0 Angoul\u00eame, garantissant la s\u00e9curit\u00e9 et [&hellip;]<\/p>\n","protected":false},"author":4,"featured_media":0,"parent":0,"menu_order":0,"comment_status":"closed","ping_status":"closed","template":"","meta":{"_et_pb_use_builder":"on","_et_pb_old_content":"","_et_gb_content_width":"","footnotes":""},"class_list":["post-242531","page","type-page","status-publish","hentry"],"_links":{"self":[{"href":"https:\/\/serenika.fr\/dev\/wp-json\/wp\/v2\/pages\/242531","targetHints":{"allow":["GET"]}}],"collection":[{"href":"https:\/\/serenika.fr\/dev\/wp-json\/wp\/v2\/pages"}],"about":[{"href":"https:\/\/serenika.fr\/dev\/wp-json\/wp\/v2\/types\/page"}],"author":[{"embeddable":true,"href":"https:\/\/serenika.fr\/dev\/wp-json\/wp\/v2\/users\/4"}],"replies":[{"embeddable":true,"href":"https:\/\/serenika.fr\/dev\/wp-json\/wp\/v2\/comments?post=242531"}],"version-history":[{"count":10,"href":"https:\/\/serenika.fr\/dev\/wp-json\/wp\/v2\/pages\/242531\/revisions"}],"predecessor-version":[{"id":340596,"href":"https:\/\/serenika.fr\/dev\/wp-json\/wp\/v2\/pages\/242531\/revisions\/340596"}],"wp:attachment":[{"href":"https:\/\/serenika.fr\/dev\/wp-json\/wp\/v2\/media?parent=242531"}],"curies":[{"name":"wp","href":"https:\/\/api.w.org\/{rel}","templated":true}]}}